{"id":355,"date":"2024-11-25T18:45:52","date_gmt":"2024-11-25T18:45:52","guid":{"rendered":"https:\/\/lualabaaquaculture.com\/?page_id=355"},"modified":"2024-11-25T19:24:05","modified_gmt":"2024-11-25T19:24:05","slug":"produits","status":"publish","type":"page","link":"https:\/\/lualabaaquaculture.com\/index.php\/fr\/produits\/","title":{"rendered":"Produits"},"content":{"rendered":"\t\t<div data-elementor-type=\"wp-page\" data-elementor-id=\"355\" class=\"elementor elementor-355\" data-elementor-post-type=\"page\">\n\t\t\t\t<div class=\"elementor-element elementor-element-9aacc12 e-flex e-con-boxed e-con e-parent\" data-id=\"9aacc12\" data-element_type=\"container\" data-e-type=\"container\" data-settings=\"{&quot;background_background&quot;:&quot;classic&quot;}\">\n\t\t\t\t\t<div class=\"e-con-inner\">\n\t\t\t\t<div class=\"elementor-element elementor-element-37e279d elementor-invisible elementor-widget elementor-widget-heading\" data-id=\"37e279d\" data-element_type=\"widget\" data-e-type=\"widget\" data-settings=\"{&quot;_animation&quot;:&quot;slideInUp&quot;}\" data-widget_type=\"heading.default\">\n\t\t\t\t<div class=\"elementor-widget-container\">\n\t\t\t\t\t<h2 class=\"elementor-heading-title elementor-size-default\">Produits<\/h2>\t\t\t\t<\/div>\n\t\t\t\t<\/div>\n\t\t\t\t\t<\/div>\n\t\t\t\t<\/div>\n\t\t<div class=\"elementor-element elementor-element-4a7b188 e-grid e-con-boxed e-con e-parent\" data-id=\"4a7b188\" data-element_type=\"container\" data-e-type=\"container\">\n\t\t\t\t\t<div class=\"e-con-inner\">\n\t\t\t\t<div class=\"elementor-element elementor-element-7e31855 elementor-widget elementor-widget-image\" data-id=\"7e31855\" data-element_type=\"widget\" data-e-type=\"widget\" data-widget_type=\"image.default\">\n\t\t\t\t<div class=\"elementor-widget-container\">\n\t\t\t\t\t\t\t\t\t\t\t\t\t\t\t<img fetchpriority=\"high\" decoding=\"async\" width=\"800\" height=\"530\" src=\"https:\/\/lualabaaquaculture.com\/wp-content\/uploads\/2024\/11\/DSC_0051-1024x678.jpg\" class=\"attachment-large size-large wp-image-316\" alt=\"\" srcset=\"https:\/\/lualabaaquaculture.com\/wp-content\/uploads\/2024\/11\/DSC_0051-1024x678.jpg 1024w, https:\/\/lualabaaquaculture.com\/wp-content\/uploads\/2024\/11\/DSC_0051-300x199.jpg 300w, https:\/\/lualabaaquaculture.com\/wp-content\/uploads\/2024\/11\/DSC_0051-768x509.jpg 768w, https:\/\/lualabaaquaculture.com\/wp-content\/uploads\/2024\/11\/DSC_0051-1536x1017.jpg 1536w, https:\/\/lualabaaquaculture.com\/wp-content\/uploads\/2024\/11\/DSC_0051-2048x1356.jpg 2048w\" sizes=\"(max-width: 800px) 100vw, 800px\" \/>\t\t\t\t\t\t\t\t\t\t\t\t\t\t\t<\/div>\n\t\t\t\t<\/div>\n\t\t<div class=\"elementor-element elementor-element-3aed573 e-con-full e-flex e-con e-child\" data-id=\"3aed573\" data-element_type=\"container\" data-e-type=\"container\">\n\t\t\t\t<div class=\"elementor-element elementor-element-ccf2693 elementor-widget elementor-widget-heading\" data-id=\"ccf2693\" data-element_type=\"widget\" data-e-type=\"widget\" data-widget_type=\"heading.default\">\n\t\t\t\t<div class=\"elementor-widget-container\">\n\t\t\t\t\t<h2 class=\"elementor-heading-title elementor-size-default\">Tilapia Premium, <br>\u00c9lev\u00e9e de mani\u00e8re durable pour Vous<\/h2>\t\t\t\t<\/div>\n\t\t\t\t<\/div>\n\t\t\t\t<div class=\"elementor-element elementor-element-47d051d elementor-widget elementor-widget-text-editor\" data-id=\"47d051d\" data-element_type=\"widget\" data-e-type=\"widget\" data-widget_type=\"text-editor.default\">\n\t\t\t\t<div class=\"elementor-widget-container\">\n\t\t\t\t\t\t\t\t\t<p>Chez <strong>Lualaba Aquaculture<\/strong>, nous nous engageons \u00e0 offrir une tilapia de premi\u00e8re qualit\u00e9, riche en nutriments, \u00e9lev\u00e9e de mani\u00e8re durable ici m\u00eame au c\u0153ur de la RDC. Gr\u00e2ce \u00e0 des pratiques d\u2019\u00e9levage reconnues \u00e0 l\u2019\u00e9chelle mondiale, nous mettons en avant la sant\u00e9 de nos poissons et la pr\u00e9servation de notre environnement.<\/p><p>Que vous recherchiez de la tilapia enti\u00e8re fra\u00eeche, des filets ou des vari\u00e9t\u00e9s fum\u00e9es, notre engagement envers la qualit\u00e9, la fra\u00eecheur et une nutrition sup\u00e9rieure est garanti.<\/p><p>D\u00e9couvrez notre gamme de produits ci-dessous pour trouver l\u2019option id\u00e9ale r\u00e9pondant \u00e0 vos besoins.<\/p>\t\t\t\t\t\t\t\t<\/div>\n\t\t\t\t<\/div>\n\t\t\t\t<\/div>\n\t\t\t\t\t<\/div>\n\t\t\t\t<\/div>\n\t\t<div class=\"elementor-element elementor-element-6013be0f e-con-full e-flex e-con e-parent\" data-id=\"6013be0f\" data-element_type=\"container\" data-e-type=\"container\" data-settings=\"{&quot;background_background&quot;:&quot;gradient&quot;}\">\n\t\t<div class=\"elementor-element elementor-element-5a7f5227 e-con-full e-flex e-con e-child\" data-id=\"5a7f5227\" data-element_type=\"container\" data-e-type=\"container\">\n\t\t\t\t<div class=\"elementor-element elementor-element-25e2687a elementor-widget elementor-widget-heading\" data-id=\"25e2687a\" data-element_type=\"widget\" data-e-type=\"widget\" data-widget_type=\"heading.default\">\n\t\t\t\t<div class=\"elementor-widget-container\">\n\t\t\t\t\t<h2 class=\"elementor-heading-title elementor-size-default\">Tilapia Enti\u00e8re<br>Fra\u00eeche et Surgel\u00e9e<\/h2>\t\t\t\t<\/div>\n\t\t\t\t<\/div>\n\t\t\t\t<div class=\"elementor-element elementor-element-18ab28ba elementor-widget__width-inherit elementor-invisible elementor-widget elementor-widget-image\" data-id=\"18ab28ba\" data-element_type=\"widget\" data-e-type=\"widget\" data-settings=\"{&quot;_animation&quot;:&quot;fadeIn&quot;}\" data-widget_type=\"image.default\">\n\t\t\t\t<div class=\"elementor-widget-container\">\n\t\t\t\t\t\t\t\t\t\t\t\t\t\t\t<img decoding=\"async\" width=\"800\" height=\"530\" src=\"https:\/\/lualabaaquaculture.com\/wp-content\/uploads\/2024\/11\/DSC_0008-Copy-1024x678.jpg\" class=\"attachment-large size-large wp-image-245\" alt=\"\" srcset=\"https:\/\/lualabaaquaculture.com\/wp-content\/uploads\/2024\/11\/DSC_0008-Copy-1024x678.jpg 1024w, https:\/\/lualabaaquaculture.com\/wp-content\/uploads\/2024\/11\/DSC_0008-Copy-300x199.jpg 300w, https:\/\/lualabaaquaculture.com\/wp-content\/uploads\/2024\/11\/DSC_0008-Copy-768x509.jpg 768w, https:\/\/lualabaaquaculture.com\/wp-content\/uploads\/2024\/11\/DSC_0008-Copy-1536x1017.jpg 1536w, https:\/\/lualabaaquaculture.com\/wp-content\/uploads\/2024\/11\/DSC_0008-Copy-2048x1356.jpg 2048w\" sizes=\"(max-width: 800px) 100vw, 800px\" \/>\t\t\t\t\t\t\t\t\t\t\t\t\t\t\t<\/div>\n\t\t\t\t<\/div>\n\t\t\t\t<\/div>\n\t\t<div class=\"elementor-element elementor-element-1ee39ce9 e-con-full e-flex e-con e-child\" data-id=\"1ee39ce9\" data-element_type=\"container\" data-e-type=\"container\">\n\t\t\t\t<div class=\"elementor-element elementor-element-6c7f5480 elementor-widget__width-initial elementor-invisible elementor-widget elementor-widget-image\" data-id=\"6c7f5480\" data-element_type=\"widget\" data-e-type=\"widget\" data-settings=\"{&quot;_animation&quot;:&quot;fadeInDown&quot;,&quot;_animation_tablet&quot;:&quot;fadeInLeft&quot;}\" data-widget_type=\"image.default\">\n\t\t\t\t<div class=\"elementor-widget-container\">\n\t\t\t\t\t\t\t\t\t\t\t\t\t\t\t<img decoding=\"async\" width=\"715\" height=\"1024\" src=\"https:\/\/lualabaaquaculture.com\/wp-content\/uploads\/2024\/11\/DSC_0011-Copy-715x1024.jpg\" class=\"attachment-large size-large wp-image-282\" alt=\"\" srcset=\"https:\/\/lualabaaquaculture.com\/wp-content\/uploads\/2024\/11\/DSC_0011-Copy-715x1024.jpg 715w, https:\/\/lualabaaquaculture.com\/wp-content\/uploads\/2024\/11\/DSC_0011-Copy-209x300.jpg 209w, https:\/\/lualabaaquaculture.com\/wp-content\/uploads\/2024\/11\/DSC_0011-Copy-768x1100.jpg 768w, https:\/\/lualabaaquaculture.com\/wp-content\/uploads\/2024\/11\/DSC_0011-Copy-1072x1536.jpg 1072w, https:\/\/lualabaaquaculture.com\/wp-content\/uploads\/2024\/11\/DSC_0011-Copy-1430x2048.jpg 1430w, https:\/\/lualabaaquaculture.com\/wp-content\/uploads\/2024\/11\/DSC_0011-Copy-scaled.jpg 1787w\" sizes=\"(max-width: 715px) 100vw, 715px\" \/>\t\t\t\t\t\t\t\t\t\t\t\t\t\t\t<\/div>\n\t\t\t\t<\/div>\n\t\t\t\t<div class=\"elementor-element elementor-element-21b4f522 elementor-widget__width-initial elementor-invisible elementor-widget elementor-widget-image\" data-id=\"21b4f522\" data-element_type=\"widget\" data-e-type=\"widget\" data-settings=\"{&quot;_animation&quot;:&quot;fadeInDown&quot;,&quot;_animation_tablet&quot;:&quot;fadeInRight&quot;,&quot;_animation_delay&quot;:&quot;200&quot;}\" data-widget_type=\"image.default\">\n\t\t\t\t<div class=\"elementor-widget-container\">\n\t\t\t\t\t\t\t\t\t\t\t\t\t\t\t<img loading=\"lazy\" decoding=\"async\" width=\"332\" height=\"404\" src=\"https:\/\/lualabaaquaculture.com\/wp-content\/uploads\/2024\/11\/2.jpg\" class=\"attachment-large size-large wp-image-283\" alt=\"\" srcset=\"https:\/\/lualabaaquaculture.com\/wp-content\/uploads\/2024\/11\/2.jpg 332w, https:\/\/lualabaaquaculture.com\/wp-content\/uploads\/2024\/11\/2-247x300.jpg 247w\" sizes=\"(max-width: 332px) 100vw, 332px\" \/>\t\t\t\t\t\t\t\t\t\t\t\t\t\t\t<\/div>\n\t\t\t\t<\/div>\n\t\t\t\t<div class=\"elementor-element elementor-element-1227b70e elementor-invisible elementor-widget elementor-widget-text-editor\" data-id=\"1227b70e\" data-element_type=\"widget\" data-e-type=\"widget\" data-settings=\"{&quot;_animation&quot;:&quot;fadeInUp&quot;}\" data-widget_type=\"text-editor.default\">\n\t\t\t\t<div class=\"elementor-widget-container\">\n\t\t\t\t\t\t\t\t\t<p>Chez <strong>Lualaba Aquaculture<\/strong>, notre tilapia enti\u00e8re, fra\u00eeche et surgel\u00e9e, est soigneusement \u00e9lev\u00e9e dans les eaux pures du Lac Nzilo, garantissant une qualit\u00e9 et une saveur exceptionnelles auxquelles vous pouvez faire confiance.<\/p><p>Avec son go\u00fbt doux et raffin\u00e9 et sa texture ferme, notre tilapia est id\u00e9al pour une grande vari\u00e9t\u00e9 de plats, qu&#8217;il s&#8217;agisse de grillades, de cuisson au four ou de friture. Disponible \u00e0 la fois frais et surgel\u00e9, il conserve son humidit\u00e9 naturelle et ses nutriments, en faisant un choix parfait pour les consommateurs soucieux de leur sant\u00e9.<\/p><p>Que vous pr\u00e9pariez un repas familial sain ou une cr\u00e9ation gastronomique, notre tilapia offre une fra\u00eecheur, une nutrition et une polyvalence culinaire incomparables.<\/p>\t\t\t\t\t\t\t\t<\/div>\n\t\t\t\t<\/div>\n\t\t\t\t<\/div>\n\t\t\t\t<\/div>\n\t\t<div class=\"elementor-element elementor-element-61e6365 e-con-full e-flex e-con e-parent\" data-id=\"61e6365\" data-element_type=\"container\" data-e-type=\"container\" data-settings=\"{&quot;background_background&quot;:&quot;classic&quot;}\">\n\t\t<div class=\"elementor-element elementor-element-394d8a8 e-con-full e-flex e-con e-child\" data-id=\"394d8a8\" data-element_type=\"container\" data-e-type=\"container\" data-settings=\"{&quot;background_background&quot;:&quot;classic&quot;}\">\n\t\t\t\t<div class=\"elementor-element elementor-element-48a8f42 elementor-widget elementor-widget-heading\" data-id=\"48a8f42\" data-element_type=\"widget\" data-e-type=\"widget\" data-widget_type=\"heading.default\">\n\t\t\t\t<div class=\"elementor-widget-container\">\n\t\t\t\t\t<h1 class=\"elementor-heading-title elementor-size-default\">Contactez-Nous<\/h1>\t\t\t\t<\/div>\n\t\t\t\t<\/div>\n\t\t\t\t<div class=\"elementor-element elementor-element-fcb6771 elementor-widget elementor-widget-heading\" data-id=\"fcb6771\" data-element_type=\"widget\" data-e-type=\"widget\" data-widget_type=\"heading.default\">\n\t\t\t\t<div class=\"elementor-widget-container\">\n\t\t\t\t\t<p class=\"elementor-heading-title elementor-size-default\">Nous serions ravis de vous parler.\nN\u2019h\u00e9sitez pas \u00e0 nous contacter.<\/p>\t\t\t\t<\/div>\n\t\t\t\t<\/div>\n\t\t\t\t<\/div>\n\t\t<div class=\"elementor-element elementor-element-e63d80a e-con-full e-flex e-con e-child\" data-id=\"e63d80a\" data-element_type=\"container\" data-e-type=\"container\">\n\t\t\t\t<div class=\"elementor-element elementor-element-5ac7128 elementor-button-align-start elementor-tablet-button-align-center elementor-widget elementor-widget-form\" data-id=\"5ac7128\" data-element_type=\"widget\" data-e-type=\"widget\" data-settings=\"{&quot;step_next_label&quot;:&quot;Next&quot;,&quot;step_previous_label&quot;:&quot;Previous&quot;,&quot;button_width&quot;:&quot;100&quot;,&quot;step_type&quot;:&quot;number_text&quot;,&quot;step_icon_shape&quot;:&quot;circle&quot;}\" data-widget_type=\"form.default\">\n\t\t\t\t<div class=\"elementor-widget-container\">\n\t\t\t\t\t\t\t<form class=\"elementor-form\" method=\"post\" name=\"Contact Form\" aria-label=\"Contact Form\">\n\t\t\t<input type=\"hidden\" name=\"post_id\" value=\"355\"\/>\n\t\t\t<input type=\"hidden\" name=\"form_id\" value=\"5ac7128\"\/>\n\t\t\t<input type=\"hidden\" name=\"referer_title\" value=\"Produits\" \/>\n\n\t\t\t\t\t\t\t<input type=\"hidden\" name=\"queried_id\" value=\"355\"\/>\n\t\t\t\n\t\t\t<div class=\"elementor-form-fields-wrapper elementor-labels-\">\n\t\t\t\t\t\t\t\t<div class=\"elementor-field-type-text elementor-field-group elementor-column elementor-field-group-name elementor-col-50 elementor-field-required\">\n\t\t\t\t\t\t\t\t\t\t\t\t<label for=\"form-field-name\" class=\"elementor-field-label elementor-screen-only\">\n\t\t\t\t\t\t\t\tYour Name\t\t\t\t\t\t\t<\/label>\n\t\t\t\t\t\t\t\t\t\t\t\t\t\t<input size=\"1\" type=\"text\" name=\"form_fields[name]\" id=\"form-field-name\" class=\"elementor-field elementor-size-sm  elementor-field-textual\" placeholder=\"Nam*\" required=\"required\">\n\t\t\t\t\t\t\t\t\t\t\t<\/div>\n\t\t\t\t\t\t\t\t<div class=\"elementor-field-type-text elementor-field-group elementor-column elementor-field-group-field_b743cd7 elementor-col-50 elementor-field-required\">\n\t\t\t\t\t\t\t\t\t\t\t\t<label for=\"form-field-field_b743cd7\" class=\"elementor-field-label elementor-screen-only\">\n\t\t\t\t\t\t\t\tLast Name\t\t\t\t\t\t\t<\/label>\n\t\t\t\t\t\t\t\t\t\t\t\t\t\t<input size=\"1\" type=\"text\" name=\"form_fields[field_b743cd7]\" id=\"form-field-field_b743cd7\" class=\"elementor-field elementor-size-sm  elementor-field-textual\" placeholder=\"Nom de familie*\" required=\"required\">\n\t\t\t\t\t\t\t\t\t\t\t<\/div>\n\t\t\t\t\t\t\t\t<div class=\"elementor-field-type-tel elementor-field-group elementor-column elementor-field-group-field_6c180a9 elementor-col-50 elementor-field-required\">\n\t\t\t\t\t\t\t\t\t\t\t\t<label for=\"form-field-field_6c180a9\" class=\"elementor-field-label elementor-screen-only\">\n\t\t\t\t\t\t\t\tPhone Number\t\t\t\t\t\t\t<\/label>\n\t\t\t\t\t\t\t\t<input size=\"1\" type=\"tel\" name=\"form_fields[field_6c180a9]\" id=\"form-field-field_6c180a9\" class=\"elementor-field elementor-size-sm  elementor-field-textual\" placeholder=\"Num\u00e9ro de t\u00e9l\u00e9phone*\" required=\"required\" pattern=\"[0-9()#&amp;+*-=.]+\" title=\"Seuls les caract\u00e8res de num\u00e9ros de t\u00e9l\u00e9phone (#, -, *, etc.) sont accept\u00e9s.\">\n\n\t\t\t\t\t\t<\/div>\n\t\t\t\t\t\t\t\t<div class=\"elementor-field-type-email elementor-field-group elementor-column elementor-field-group-email elementor-col-50 elementor-field-required\">\n\t\t\t\t\t\t\t\t\t\t\t\t<label for=\"form-field-email\" class=\"elementor-field-label elementor-screen-only\">\n\t\t\t\t\t\t\t\tEmail\t\t\t\t\t\t\t<\/label>\n\t\t\t\t\t\t\t\t\t\t\t\t\t\t<input size=\"1\" type=\"email\" name=\"form_fields[email]\" id=\"form-field-email\" class=\"elementor-field elementor-size-sm  elementor-field-textual\" placeholder=\"Email*\" required=\"required\">\n\t\t\t\t\t\t\t\t\t\t\t<\/div>\n\t\t\t\t\t\t\t\t<div class=\"elementor-field-type-textarea elementor-field-group elementor-column elementor-field-group-message elementor-col-100\">\n\t\t\t\t\t\t\t\t\t\t\t\t<label for=\"form-field-message\" class=\"elementor-field-label elementor-screen-only\">\n\t\t\t\t\t\t\t\tMessage\t\t\t\t\t\t\t<\/label>\n\t\t\t\t\t\t<textarea class=\"elementor-field-textual elementor-field  elementor-size-sm\" name=\"form_fields[message]\" id=\"form-field-message\" rows=\"4\" placeholder=\"Message\"><\/textarea>\t\t\t\t<\/div>\n\t\t\t\t\t\t\t\t<div class=\"elementor-field-group elementor-column elementor-field-type-submit elementor-col-100 e-form__buttons\">\n\t\t\t\t\t<button class=\"elementor-button elementor-size-sm\" type=\"submit\">\n\t\t\t\t\t\t<span class=\"elementor-button-content-wrapper\">\n\t\t\t\t\t\t\t\t\t\t\t\t\t\t\t\t\t\t\t\t\t\t<span class=\"elementor-button-text\">Soumettre<\/span>\n\t\t\t\t\t\t\t\t\t\t\t\t\t<\/span>\n\t\t\t\t\t<\/button>\n\t\t\t\t<\/div>\n\t\t\t<\/div>\n\t\t<\/form>\n\t\t\t\t\t\t<\/div>\n\t\t\t\t<\/div>\n\t\t\t\t<\/div>\n\t\t\t\t<\/div>\n\t\t\t\t<\/div>\n\t\t","protected":false},"excerpt":{"rendered":"<p>Produits Tilapia Premium, \u00c9lev\u00e9e de mani\u00e8re durable pour Vous Chez Lualaba Aquaculture, nous nous engageons \u00e0 offrir une tilapia de premi\u00e8re qualit\u00e9, riche en nutriments, \u00e9lev\u00e9e de mani\u00e8re durable ici m\u00eame au c\u0153ur de la RDC. Gr\u00e2ce \u00e0 des pratiques d\u2019\u00e9levage reconnues \u00e0 l\u2019\u00e9chelle mondiale, nous mettons en avant la sant\u00e9 de nos poissons et [&hellip;]<\/p>\n","protected":false},"author":1,"featured_media":0,"parent":0,"menu_order":0,"comment_status":"closed","ping_status":"closed","template":"elementor_header_footer","meta":{"footnotes":""},"class_list":["post-355","page","type-page","status-publish","hentry"],"_links":{"self":[{"href":"https:\/\/lualabaaquaculture.com\/index.php\/wp-json\/wp\/v2\/pages\/355","targetHints":{"allow":["GET"]}}],"collection":[{"href":"https:\/\/lualabaaquaculture.com\/index.php\/wp-json\/wp\/v2\/pages"}],"about":[{"href":"https:\/\/lualabaaquaculture.com\/index.php\/wp-json\/wp\/v2\/types\/page"}],"author":[{"embeddable":true,"href":"https:\/\/lualabaaquaculture.com\/index.php\/wp-json\/wp\/v2\/users\/1"}],"replies":[{"embeddable":true,"href":"https:\/\/lualabaaquaculture.com\/index.php\/wp-json\/wp\/v2\/comments?post=355"}],"version-history":[{"count":16,"href":"https:\/\/lualabaaquaculture.com\/index.php\/wp-json\/wp\/v2\/pages\/355\/revisions"}],"predecessor-version":[{"id":393,"href":"https:\/\/lualabaaquaculture.com\/index.php\/wp-json\/wp\/v2\/pages\/355\/revisions\/393"}],"wp:attachment":[{"href":"https:\/\/lualabaaquaculture.com\/index.php\/wp-json\/wp\/v2\/media?parent=355"}],"curies":[{"name":"wp","href":"https:\/\/api.w.org\/{rel}","templated":true}]}}