{"id":328,"date":"2024-11-25T13:35:02","date_gmt":"2024-11-25T13:35:02","guid":{"rendered":"https:\/\/lualabaaquaculture.com\/?page_id=328"},"modified":"2024-11-25T19:25:29","modified_gmt":"2024-11-25T19:25:29","slug":"about-us-fr","status":"publish","type":"page","link":"https:\/\/lualabaaquaculture.com\/index.php\/fr\/about-us-fr\/","title":{"rendered":"about us fr"},"content":{"rendered":"\t\t<div data-elementor-type=\"wp-page\" data-elementor-id=\"328\" class=\"elementor elementor-328\" data-elementor-post-type=\"page\">\n\t\t\t\t<div class=\"elementor-element elementor-element-2305924 e-flex e-con-boxed e-con e-parent\" data-id=\"2305924\" data-element_type=\"container\" data-e-type=\"container\" data-settings=\"{&quot;background_background&quot;:&quot;classic&quot;}\">\n\t\t\t\t\t<div class=\"e-con-inner\">\n\t\t\t\t<div class=\"elementor-element elementor-element-d9df607 elementor-invisible elementor-widget elementor-widget-heading\" data-id=\"d9df607\" data-element_type=\"widget\" data-e-type=\"widget\" data-settings=\"{&quot;_animation&quot;:&quot;slideInUp&quot;}\" data-widget_type=\"heading.default\">\n\t\t\t\t<div class=\"elementor-widget-container\">\n\t\t\t\t\t<h2 class=\"elementor-heading-title elementor-size-default\">\u00c0 propos de nous<\/h2>\t\t\t\t<\/div>\n\t\t\t\t<\/div>\n\t\t\t\t\t<\/div>\n\t\t\t\t<\/div>\n\t\t<div class=\"elementor-element elementor-element-4de2dd6f e-con-full e-flex e-con e-parent\" data-id=\"4de2dd6f\" data-element_type=\"container\" data-e-type=\"container\" data-settings=\"{&quot;background_background&quot;:&quot;classic&quot;}\">\n\t\t<div class=\"elementor-element elementor-element-48f93c36 e-con-full e-flex e-con e-child\" data-id=\"48f93c36\" data-element_type=\"container\" data-e-type=\"container\">\n\t\t\t\t<div class=\"elementor-element elementor-element-5f52f5f0 elementor-widget elementor-widget-heading\" data-id=\"5f52f5f0\" data-element_type=\"widget\" data-e-type=\"widget\" data-widget_type=\"heading.default\">\n\t\t\t\t<div class=\"elementor-widget-container\">\n\t\t\t\t\t<h2 class=\"elementor-heading-title elementor-size-default\">Pr\u00e9sentation de l'entreprise<\/h2>\t\t\t\t<\/div>\n\t\t\t\t<\/div>\n\t\t\t\t<div class=\"elementor-element elementor-element-7271ca21 elementor-widget elementor-widget-text-editor\" data-id=\"7271ca21\" data-element_type=\"widget\" data-e-type=\"widget\" data-widget_type=\"text-editor.default\">\n\t\t\t\t<div class=\"elementor-widget-container\">\n\t\t\t\t\t\t\t\t\t<p><strong>Qui Nous Sommes<\/strong><br \/>Lualaba Aquaculture op\u00e8re sur les eaux paisibles du Lac Nzilo \u00e0 Kolwezi, en \u00e9tant \u00e0 l&#8217;avant-garde de l&#8217;aquaculture durable en R\u00e9publique D\u00e9mocratique du Congo. Sp\u00e9cialis\u00e9s dans la production de Tilapia de qualit\u00e9 sup\u00e9rieure, nous r\u00e9pondons au d\u00e9ficit en prot\u00e9ines dans la r\u00e9gion tout en contribuant \u00e0 la conservation de l&#8217;environnement et au d\u00e9veloppement \u00e9conomique.<\/p><p><strong>Ce Que Nous Faisons<\/strong><br \/>Nous produisons du Tilapia frais et de haute qualit\u00e9 dans des cages en eaux profondes, en respectant les meilleures pratiques internationales en mati\u00e8re de durabilit\u00e9 et de s\u00e9curit\u00e9 alimentaire. Nos poissons sont \u00e9lev\u00e9s dans un environnement propre et contr\u00f4l\u00e9, garantissant une qualit\u00e9 et un go\u00fbt exceptionnels.<\/p>\t\t\t\t\t\t\t\t<\/div>\n\t\t\t\t<\/div>\n\t\t\t\t<\/div>\n\t\t\t\t<div class=\"elementor-element elementor-element-62e3b651 elementor-widget__width-initial elementor-widget-tablet__width-inherit elementor-widget elementor-widget-image\" data-id=\"62e3b651\" data-element_type=\"widget\" data-e-type=\"widget\" data-widget_type=\"image.default\">\n\t\t\t\t<div class=\"elementor-widget-container\">\n\t\t\t\t\t\t\t\t\t\t\t\t\t\t\t<img fetchpriority=\"high\" decoding=\"async\" width=\"800\" height=\"600\" src=\"https:\/\/lualabaaquaculture.com\/wp-content\/uploads\/2024\/11\/ABOUTUS.png\" class=\"attachment-large size-large wp-image-251\" alt=\"\" srcset=\"https:\/\/lualabaaquaculture.com\/wp-content\/uploads\/2024\/11\/ABOUTUS.png 1016w, https:\/\/lualabaaquaculture.com\/wp-content\/uploads\/2024\/11\/ABOUTUS-300x225.png 300w, https:\/\/lualabaaquaculture.com\/wp-content\/uploads\/2024\/11\/ABOUTUS-768x576.png 768w\" sizes=\"(max-width: 800px) 100vw, 800px\" \/>\t\t\t\t\t\t\t\t\t\t\t\t\t\t\t<\/div>\n\t\t\t\t<\/div>\n\t\t\t\t<\/div>\n\t\t<div class=\"elementor-element elementor-element-555dcb53 e-flex e-con-boxed e-con e-parent\" data-id=\"555dcb53\" data-element_type=\"container\" data-e-type=\"container\" data-settings=\"{&quot;background_background&quot;:&quot;classic&quot;}\">\n\t\t\t\t\t<div class=\"e-con-inner\">\n\t\t<div class=\"elementor-element elementor-element-7166b60c e-con-full e-flex e-con e-child\" data-id=\"7166b60c\" data-element_type=\"container\" data-e-type=\"container\">\n\t\t<div class=\"elementor-element elementor-element-528236bc e-con-full e-flex e-con e-child\" data-id=\"528236bc\" data-element_type=\"container\" data-e-type=\"container\">\n\t\t\t\t<div class=\"elementor-element elementor-element-1c397cbd elementor-widget elementor-widget-heading\" data-id=\"1c397cbd\" data-element_type=\"widget\" data-e-type=\"widget\" data-widget_type=\"heading.default\">\n\t\t\t\t<div class=\"elementor-widget-container\">\n\t\t\t\t\t<h3 class=\"elementor-heading-title elementor-size-default\">NOTRE VISION<\/h3>\t\t\t\t<\/div>\n\t\t\t\t<\/div>\n\t\t\t\t<div class=\"elementor-element elementor-element-2d1e97ee elementor-position-top elementor-widget elementor-widget-image-box\" data-id=\"2d1e97ee\" data-element_type=\"widget\" data-e-type=\"widget\" data-widget_type=\"image-box.default\">\n\t\t\t\t<div class=\"elementor-widget-container\">\n\t\t\t\t\t<div class=\"elementor-image-box-wrapper\"><figure class=\"elementor-image-box-img\"><img decoding=\"async\" width=\"368\" height=\"202\" src=\"https:\/\/lualabaaquaculture.com\/wp-content\/uploads\/2024\/11\/drc3.png\" class=\"attachment-full size-full wp-image-306\" alt=\"\" srcset=\"https:\/\/lualabaaquaculture.com\/wp-content\/uploads\/2024\/11\/drc3.png 368w, https:\/\/lualabaaquaculture.com\/wp-content\/uploads\/2024\/11\/drc3-300x165.png 300w\" sizes=\"(max-width: 368px) 100vw, 368px\" \/><\/figure><div class=\"elementor-image-box-content\"><p class=\"elementor-image-box-description\">Nous imaginons Lualaba Aquaculture comme un moteur d'innovation dans le secteur de l'aquaculture en R\u00e9publique D\u00e9mocratique du Congo, \u00e9tablissant une r\u00e9f\u00e9rence en mati\u00e8re de pratiques d'\u00e9levage de poissons durables \u00e0 travers la r\u00e9gion.\n<br><br>\nNotre objectif est de transformer la r\u00e9gion du Lualaba en un p\u00f4le d'excellence en aquaculture, o\u00f9 les communaut\u00e9s locales prosp\u00e8rent gr\u00e2ce \u00e0 l'emploi, au d\u00e9veloppement des comp\u00e9tences et \u00e0 l'acc\u00e8s \u00e0 des poissons abordables et de haute qualit\u00e9.\n<br><br>\nEn combinant technologies de pointe, implication communautaire et gestion environnementale, nous aspirons \u00e0 inspirer un avenir plus lumineux et prosp\u00e8re pour tous les acteurs li\u00e9s \u00e0 notre mission.<\/p><\/div><\/div>\t\t\t\t<\/div>\n\t\t\t\t<\/div>\n\t\t\t\t<\/div>\n\t\t<div class=\"elementor-element elementor-element-1c9f7f47 e-con-full e-flex e-con e-child\" data-id=\"1c9f7f47\" data-element_type=\"container\" data-e-type=\"container\">\n\t\t\t\t<div class=\"elementor-element elementor-element-176cffab elementor-widget elementor-widget-heading\" data-id=\"176cffab\" data-element_type=\"widget\" data-e-type=\"widget\" data-widget_type=\"heading.default\">\n\t\t\t\t<div class=\"elementor-widget-container\">\n\t\t\t\t\t<h3 class=\"elementor-heading-title elementor-size-default\">Notre Mission<\/h3>\t\t\t\t<\/div>\n\t\t\t\t<\/div>\n\t\t\t\t<div class=\"elementor-element elementor-element-7d02987d elementor-position-top elementor-widget elementor-widget-image-box\" data-id=\"7d02987d\" data-element_type=\"widget\" data-e-type=\"widget\" data-widget_type=\"image-box.default\">\n\t\t\t\t<div class=\"elementor-widget-container\">\n\t\t\t\t\t<div class=\"elementor-image-box-wrapper\"><figure class=\"elementor-image-box-img\"><img decoding=\"async\" width=\"368\" height=\"202\" src=\"https:\/\/lualabaaquaculture.com\/wp-content\/uploads\/2024\/11\/drc2.png\" class=\"attachment-full size-full wp-image-305\" alt=\"\" srcset=\"https:\/\/lualabaaquaculture.com\/wp-content\/uploads\/2024\/11\/drc2.png 368w, https:\/\/lualabaaquaculture.com\/wp-content\/uploads\/2024\/11\/drc2-300x165.png 300w\" sizes=\"(max-width: 368px) 100vw, 368px\" \/><\/figure><div class=\"elementor-image-box-content\"><p class=\"elementor-image-box-description\">Chez Lualaba Aquaculture, notre mission est de cultiver un Tilapia de qualit\u00e9 sup\u00e9rieure, \u00e9lev\u00e9 de mani\u00e8re durable, pour r\u00e9pondre aux besoins nutritionnels de nos communaut\u00e9s tout en pr\u00e9servant l'\u00e9quilibre \u00e9cologique.\n<br><br>\nEn mettant l'accent sur des pratiques respectueuses de l'environnement et en autonomisant les agriculteurs locaux, nous visons \u00e0 renforcer la s\u00e9curit\u00e9 alimentaire, \u00e0 favoriser la r\u00e9silience \u00e9conomique et \u00e0 cr\u00e9er une industrie aquacole florissante dans la r\u00e9gion du Lualaba.\n<br><br>\nGr\u00e2ce \u00e0 notre engagement envers la qualit\u00e9 et la durabilit\u00e9, nous cherchons \u00e0 apporter des avantages durables tant aux populations qu'\u00e0 l'environnement.<\/p><\/div><\/div>\t\t\t\t<\/div>\n\t\t\t\t<\/div>\n\t\t\t\t<\/div>\n\t\t<div class=\"elementor-element elementor-element-408de5b5 e-con-full e-flex e-con e-child\" data-id=\"408de5b5\" data-element_type=\"container\" data-e-type=\"container\">\n\t\t\t\t<div class=\"elementor-element elementor-element-35926baf elementor-widget elementor-widget-heading\" data-id=\"35926baf\" data-element_type=\"widget\" data-e-type=\"widget\" data-widget_type=\"heading.default\">\n\t\t\t\t<div class=\"elementor-widget-container\">\n\t\t\t\t\t<h3 class=\"elementor-heading-title elementor-size-default\">Durabilit\u00e9<\/h3>\t\t\t\t<\/div>\n\t\t\t\t<\/div>\n\t\t\t\t<div class=\"elementor-element elementor-element-26df6e27 elementor-position-top elementor-widget elementor-widget-image-box\" data-id=\"26df6e27\" data-element_type=\"widget\" data-e-type=\"widget\" data-widget_type=\"image-box.default\">\n\t\t\t\t<div class=\"elementor-widget-container\">\n\t\t\t\t\t<div class=\"elementor-image-box-wrapper\"><figure class=\"elementor-image-box-img\"><img loading=\"lazy\" decoding=\"async\" width=\"368\" height=\"202\" src=\"https:\/\/lualabaaquaculture.com\/wp-content\/uploads\/2024\/11\/drc1.png\" class=\"attachment-full size-full wp-image-304\" alt=\"\" srcset=\"https:\/\/lualabaaquaculture.com\/wp-content\/uploads\/2024\/11\/drc1.png 368w, https:\/\/lualabaaquaculture.com\/wp-content\/uploads\/2024\/11\/drc1-300x165.png 300w\" sizes=\"(max-width: 368px) 100vw, 368px\" \/><\/figure><div class=\"elementor-image-box-content\"><p class=\"elementor-image-box-description\">Chez Lualaba Aquaculture, la durabilit\u00e9 est au c\u0153ur de toutes nos activit\u00e9s. Nos pratiques sont con\u00e7ues pour pr\u00e9server l\u2019\u00e9cosyst\u00e8me unique du Lac Nzilo tout en produisant du Tilapia de haute qualit\u00e9.\n<br><br>\n    Op\u00e9rations \u00c9coresponsables : R\u00e9duction au minimum de notre empreinte environnementale.<br><br>\n    Conservation de l\u2019Eau : Maintien de la qualit\u00e9 de l\u2019eau du Lac Nzilo gr\u00e2ce \u00e0 une aquaculture responsable.<br><br>\n    Engagement Communautaire : Collaboration avec les parties prenantes locales pour une croissance \u00e0 long terme.<\/p><\/div><\/div>\t\t\t\t<\/div>\n\t\t\t\t<\/div>\n\t\t\t\t<\/div>\n\t\t\t\t<\/div>\n\t\t\t\t\t<\/div>\n\t\t\t\t<\/div>\n\t\t<div class=\"elementor-element elementor-element-74a1a645 e-con-full e-flex e-con e-parent\" data-id=\"74a1a645\" data-element_type=\"container\" data-e-type=\"container\" data-settings=\"{&quot;background_background&quot;:&quot;classic&quot;}\">\n\t\t<div class=\"elementor-element elementor-element-4f5e1bf7 e-con-full e-flex e-con e-child\" data-id=\"4f5e1bf7\" data-element_type=\"container\" data-e-type=\"container\" data-settings=\"{&quot;background_background&quot;:&quot;classic&quot;}\">\n\t\t\t\t<div class=\"elementor-element elementor-element-3f3fd38 elementor-widget elementor-widget-heading\" data-id=\"3f3fd38\" data-element_type=\"widget\" data-e-type=\"widget\" data-widget_type=\"heading.default\">\n\t\t\t\t<div class=\"elementor-widget-container\">\n\t\t\t\t\t<h1 class=\"elementor-heading-title elementor-size-default\">Contactez-Nous<\/h1>\t\t\t\t<\/div>\n\t\t\t\t<\/div>\n\t\t\t\t<div class=\"elementor-element elementor-element-23d11273 elementor-widget elementor-widget-heading\" data-id=\"23d11273\" data-element_type=\"widget\" data-e-type=\"widget\" data-widget_type=\"heading.default\">\n\t\t\t\t<div class=\"elementor-widget-container\">\n\t\t\t\t\t<p class=\"elementor-heading-title elementor-size-default\">Nous serions ravis de vous parler.<br>\nN\u2019h\u00e9sitez pas \u00e0 nous contacter.<\/p>\t\t\t\t<\/div>\n\t\t\t\t<\/div>\n\t\t\t\t<\/div>\n\t\t<div class=\"elementor-element elementor-element-7e430dee e-con-full e-flex e-con e-child\" data-id=\"7e430dee\" data-element_type=\"container\" data-e-type=\"container\">\n\t\t\t\t<div class=\"elementor-element elementor-element-58e0d49d elementor-button-align-start elementor-tablet-button-align-center elementor-widget elementor-widget-form\" data-id=\"58e0d49d\" data-element_type=\"widget\" data-e-type=\"widget\" data-settings=\"{&quot;step_next_label&quot;:&quot;Next&quot;,&quot;step_previous_label&quot;:&quot;Previous&quot;,&quot;button_width&quot;:&quot;100&quot;,&quot;step_type&quot;:&quot;number_text&quot;,&quot;step_icon_shape&quot;:&quot;circle&quot;}\" data-widget_type=\"form.default\">\n\t\t\t\t<div class=\"elementor-widget-container\">\n\t\t\t\t\t\t\t<form class=\"elementor-form\" method=\"post\" name=\"Contact Form\" aria-label=\"Contact Form\">\n\t\t\t<input type=\"hidden\" name=\"post_id\" value=\"328\"\/>\n\t\t\t<input type=\"hidden\" name=\"form_id\" value=\"58e0d49d\"\/>\n\t\t\t<input type=\"hidden\" name=\"referer_title\" value=\"about us fr\" \/>\n\n\t\t\t\t\t\t\t<input type=\"hidden\" name=\"queried_id\" value=\"328\"\/>\n\t\t\t\n\t\t\t<div class=\"elementor-form-fields-wrapper elementor-labels-\">\n\t\t\t\t\t\t\t\t<div class=\"elementor-field-type-text elementor-field-group elementor-column elementor-field-group-name elementor-col-50 elementor-field-required\">\n\t\t\t\t\t\t\t\t\t\t\t\t<label for=\"form-field-name\" class=\"elementor-field-label elementor-screen-only\">\n\t\t\t\t\t\t\t\tYour Name\t\t\t\t\t\t\t<\/label>\n\t\t\t\t\t\t\t\t\t\t\t\t\t\t<input size=\"1\" type=\"text\" name=\"form_fields[name]\" id=\"form-field-name\" class=\"elementor-field elementor-size-sm  elementor-field-textual\" placeholder=\"Nam*\" required=\"required\">\n\t\t\t\t\t\t\t\t\t\t\t<\/div>\n\t\t\t\t\t\t\t\t<div class=\"elementor-field-type-text elementor-field-group elementor-column elementor-field-group-field_b743cd7 elementor-col-50 elementor-field-required\">\n\t\t\t\t\t\t\t\t\t\t\t\t<label for=\"form-field-field_b743cd7\" class=\"elementor-field-label elementor-screen-only\">\n\t\t\t\t\t\t\t\tLast Name\t\t\t\t\t\t\t<\/label>\n\t\t\t\t\t\t\t\t\t\t\t\t\t\t<input size=\"1\" type=\"text\" name=\"form_fields[field_b743cd7]\" id=\"form-field-field_b743cd7\" class=\"elementor-field elementor-size-sm  elementor-field-textual\" placeholder=\"Nom de familie*\" required=\"required\">\n\t\t\t\t\t\t\t\t\t\t\t<\/div>\n\t\t\t\t\t\t\t\t<div class=\"elementor-field-type-tel elementor-field-group elementor-column elementor-field-group-field_6c180a9 elementor-col-50 elementor-field-required\">\n\t\t\t\t\t\t\t\t\t\t\t\t<label for=\"form-field-field_6c180a9\" class=\"elementor-field-label elementor-screen-only\">\n\t\t\t\t\t\t\t\tPhone Number\t\t\t\t\t\t\t<\/label>\n\t\t\t\t\t\t\t\t<input size=\"1\" type=\"tel\" name=\"form_fields[field_6c180a9]\" id=\"form-field-field_6c180a9\" class=\"elementor-field elementor-size-sm  elementor-field-textual\" placeholder=\"Num\u00e9ro de t\u00e9l\u00e9phone*\" required=\"required\" pattern=\"[0-9()#&amp;+*-=.]+\" title=\"Seuls les caract\u00e8res de num\u00e9ros de t\u00e9l\u00e9phone (#, -, *, etc.) sont accept\u00e9s.\">\n\n\t\t\t\t\t\t<\/div>\n\t\t\t\t\t\t\t\t<div class=\"elementor-field-type-email elementor-field-group elementor-column elementor-field-group-email elementor-col-50 elementor-field-required\">\n\t\t\t\t\t\t\t\t\t\t\t\t<label for=\"form-field-email\" class=\"elementor-field-label elementor-screen-only\">\n\t\t\t\t\t\t\t\tEmail\t\t\t\t\t\t\t<\/label>\n\t\t\t\t\t\t\t\t\t\t\t\t\t\t<input size=\"1\" type=\"email\" name=\"form_fields[email]\" id=\"form-field-email\" class=\"elementor-field elementor-size-sm  elementor-field-textual\" placeholder=\"Email*\" required=\"required\">\n\t\t\t\t\t\t\t\t\t\t\t<\/div>\n\t\t\t\t\t\t\t\t<div class=\"elementor-field-type-textarea elementor-field-group elementor-column elementor-field-group-message elementor-col-100\">\n\t\t\t\t\t\t\t\t\t\t\t\t<label for=\"form-field-message\" class=\"elementor-field-label elementor-screen-only\">\n\t\t\t\t\t\t\t\tMessage\t\t\t\t\t\t\t<\/label>\n\t\t\t\t\t\t<textarea class=\"elementor-field-textual elementor-field  elementor-size-sm\" name=\"form_fields[message]\" id=\"form-field-message\" rows=\"4\" placeholder=\"Message\"><\/textarea>\t\t\t\t<\/div>\n\t\t\t\t\t\t\t\t<div class=\"elementor-field-group elementor-column elementor-field-type-submit elementor-col-100 e-form__buttons\">\n\t\t\t\t\t<button class=\"elementor-button elementor-size-sm\" type=\"submit\">\n\t\t\t\t\t\t<span class=\"elementor-button-content-wrapper\">\n\t\t\t\t\t\t\t\t\t\t\t\t\t\t\t\t\t\t\t\t\t\t<span class=\"elementor-button-text\">Soumettre<\/span>\n\t\t\t\t\t\t\t\t\t\t\t\t\t<\/span>\n\t\t\t\t\t<\/button>\n\t\t\t\t<\/div>\n\t\t\t<\/div>\n\t\t<\/form>\n\t\t\t\t\t\t<\/div>\n\t\t\t\t<\/div>\n\t\t\t\t<\/div>\n\t\t\t\t<\/div>\n\t\t\t\t<\/div>\n\t\t","protected":false},"excerpt":{"rendered":"<p>\u00c0 propos de nous Pr\u00e9sentation de l&#8217;entreprise Qui Nous SommesLualaba Aquaculture op\u00e8re sur les eaux paisibles du Lac Nzilo \u00e0 Kolwezi, en \u00e9tant \u00e0 l&#8217;avant-garde de l&#8217;aquaculture durable en R\u00e9publique D\u00e9mocratique du Congo. Sp\u00e9cialis\u00e9s dans la production de Tilapia de qualit\u00e9 sup\u00e9rieure, nous r\u00e9pondons au d\u00e9ficit en prot\u00e9ines dans la r\u00e9gion tout en contribuant \u00e0 [&hellip;]<\/p>\n","protected":false},"author":1,"featured_media":0,"parent":0,"menu_order":0,"comment_status":"closed","ping_status":"closed","template":"elementor_header_footer","meta":{"footnotes":""},"class_list":["post-328","page","type-page","status-publish","hentry"],"_links":{"self":[{"href":"https:\/\/lualabaaquaculture.com\/index.php\/wp-json\/wp\/v2\/pages\/328","targetHints":{"allow":["GET"]}}],"collection":[{"href":"https:\/\/lualabaaquaculture.com\/index.php\/wp-json\/wp\/v2\/pages"}],"about":[{"href":"https:\/\/lualabaaquaculture.com\/index.php\/wp-json\/wp\/v2\/types\/page"}],"author":[{"embeddable":true,"href":"https:\/\/lualabaaquaculture.com\/index.php\/wp-json\/wp\/v2\/users\/1"}],"replies":[{"embeddable":true,"href":"https:\/\/lualabaaquaculture.com\/index.php\/wp-json\/wp\/v2\/comments?post=328"}],"version-history":[{"count":13,"href":"https:\/\/lualabaaquaculture.com\/index.php\/wp-json\/wp\/v2\/pages\/328\/revisions"}],"predecessor-version":[{"id":399,"href":"https:\/\/lualabaaquaculture.com\/index.php\/wp-json\/wp\/v2\/pages\/328\/revisions\/399"}],"wp:attachment":[{"href":"https:\/\/lualabaaquaculture.com\/index.php\/wp-json\/wp\/v2\/media?parent=328"}],"curies":[{"name":"wp","href":"https:\/\/api.w.org\/{rel}","templated":true}]}}